{"id":1380,"date":"2017-12-11T11:54:44","date_gmt":"2017-12-11T11:54:44","guid":{"rendered":"http:\/\/easycoding.tn\/?page_id=1380"},"modified":"2018-04-23T10:26:21","modified_gmt":"2018-04-23T10:26:21","slug":"video-tutorials","status":"publish","type":"page","link":"http:\/\/easycoding.tn\/index.php\/nodemcu\/video-tutorials\/","title":{"rendered":"Video tutorials"},"content":{"rendered":"<p>To start programming with the ESP8266, there is several videos in different languages. TUNIOT is very well documented in english with the following list where you can start from scratch to an advanced level. I started also translating the videos in French. There is also some other videos made by the community.<\/p>\n<h3>English video:<\/h3>\n<p>This is a list of more that 40 videos. It is organized into 3 categories:<\/p>\n<ul>\n<li><span style=\"color: #ff0000;\"><strong><a href=\"http:\/\/easycoding.tn\/index.php\/nodemcu\/video-tutorials\/stand-alone\/\">Stand alone<\/a>:<\/strong><\/span> You will use your board like a normal Arduino Uno without any communication with other boards or network. We will see mainly how to connect the ESP8266 to different sensors, motors and display.<\/li>\n<li><span style=\"color: #ff0000;\"><strong><a href=\"http:\/\/easycoding.tn\/index.php\/nodemcu\/video-tutorials\/local-network\/\">Local notwork<\/a>:<\/strong><\/span> You will see how to connect the ESP8266 to a WIFI network and how to make the board communicate with other boards or an Android device.<\/li>\n<li><strong><span style=\"color: #ff0000;\"><a href=\"http:\/\/easycoding.tn\/index.php\/nodemcu\/video-tutorials\/internet\/\">Internet<\/a>:<\/span> <\/strong>You will see how to connect the board to web services or how to control with MQTT protocol or an Android device.<\/li>\n<\/ul>\n<h3>TUTORIAL IN FRENCH<\/h3>\n<p>J&#8217;ai commenc\u00e9 la cr\u00e9ation d&#8217;une s\u00e9rie de video en Fran\u00e7ais pour programmer la carte ESP8266. C&#8217;est la traduction des vid\u00e9os en Anglais avec une certaine mise \u00e0 jour. La liste contient pour le moment 9 vid\u00e9os et je compte continuer \u00e0 le faire. vous pouvez visualiser en suivant <a href=\"https:\/\/www.youtube.com\/playlist?list=PLfPtpZzK2Z_SxpxhpP6HC6pOXgxO4kDVi\" target=\"_blank\" rel=\"noopener\">ce lien<\/a>.<\/p>\n<h3>TUTORIAL IN CHINESE<\/h3>\n<ul>\n<li id=\"sites-page-title-header\"><span id=\"sites-page-title\" dir=\"ltr\" tabindex=\"-1\"><a href=\"https:\/\/sites.google.com\/site\/wenyumaker\/15-tuniot-chu-ti-yan\/01-tuniot-ru-men-ke-cheng\">TUNIOT???? <\/a><\/span><\/li>\n<li>\n<p id=\"sites-page-title-header\" align=\"left\"><a href=\"https:\/\/sites.google.com\/site\/wenyumaker\/15-tuniot-chu-ti-yan\/02tuniot-wang-lu-ying-yong-ke-cheng\"><span id=\"sites-page-title\" dir=\"ltr\" tabindex=\"-1\">TUNIOT??????<\/span><\/a><\/p>\n<\/li>\n<li>\n<p id=\"sites-page-title-header\" align=\"left\"><a href=\"https:\/\/sites.google.com\/site\/wenyumaker\/15-tuniot-chu-ti-yan\/03tuniot-zaidifi-de-shi-yong\"><span id=\"sites-page-title\" dir=\"ltr\" tabindex=\"-1\">TUNIOT?DIFI?????<\/span><\/a><\/p>\n<\/li>\n<li>\n<p id=\"sites-page-title-header\" align=\"left\"><a href=\"https:\/\/sites.google.com\/site\/wenyumaker\/15-tuniot-chu-ti-yan\/04tuniot-itfff-bao-quan-xi-tong\"><span id=\"sites-page-title\" dir=\"ltr\" tabindex=\"-1\">TUNIOT +ITFFF +????<\/span><\/a><\/p>\n<\/li>\n<\/ul>\n<h3>TUTORIAL IN HINDI<\/h3>\n<ul>\n<li style=\"list-style-type: none;\">\n<ul>\n<li><a href=\"https:\/\/www.youtube.com\/watch?v=tuLQMLivxcM\">NODEMCU <\/a>control with an Android App<\/li>\n<li>Sending data from <a href=\"https:\/\/www.youtube.com\/watch?v=xR5teDA9rto\">NODEMCU <\/a>to thingspeak<\/li>\n<\/ul>\n<\/li>\n<\/ul>\n<h3>TUTORIAL IN ITALIAN:<\/h3>\n<ul>\n<li>\n<p class=\"title style-scope ytd-video-primary-info-renderer\"><a href=\"https:\/\/www.youtube.com\/watch?v=dPrjLj2xzBw\">Video<\/a>: Nodemcu (esp8266) lampeggio led integrato con progettazione Tuniot Code tutorial 01<\/p>\n<\/li>\n<\/ul>\n<h3>TUTORIAL IN THAI:<\/h3>\n<ul>\n<li><a href=\"https:\/\/www.youtube.com\/watch?v=gYdVAvhoPwQ\">Video<\/a>: Send data to Cayenne<\/li>\n<\/ul>\n<h3>TUTORIAL IN ARABIC (EGYPTIAN ACCENT)<\/h3>\n<ul>\n<li class=\"title style-scope ytd-video-primary-info-renderer\"><a href=\"https:\/\/www.youtube.com\/watch?v=bK36Rju6FAw\">\u0627\u0644\u062f\u0631\u0633 \u0627\u0644\u0623\u0648\u0644<\/a><\/li>\n<li>\n<h1 class=\"title style-scope ytd-video-primary-info-renderer\"><a href=\"https:\/\/www.youtube.com\/watch?v=PaXtY_-bU-s\">\u0627\u0644\u062f\u0631\u0633 \u0627\u0644\u062b\u0627\u0646\u0649<\/a><\/h1>\n<\/li>\n<li>\n<h1 class=\"title style-scope ytd-video-primary-info-renderer\"><a href=\"https:\/\/www.youtube.com\/watch?v=a3b5AKidaBU\">\u0627\u0644\u0645\u062d\u0627\u0636\u0631\u0629 \u0627\u0644\u062b\u0627\u0644\u062b\u0629<\/a><\/h1>\n<\/li>\n<li>\n<h1 class=\"title style-scope ytd-video-primary-info-renderer\"><a href=\"https:\/\/www.youtube.com\/watch?v=-bZOH7wsGnk\">\u0627\u0644\u062f\u0631\u0633 \u0627\u0644\u0631\u0627\u0628\u0639<\/a><\/h1>\n<\/li>\n<li>\n<h1 class=\"title style-scope ytd-video-primary-info-renderer\"><a href=\"https:\/\/www.youtube.com\/watch?v=Qhk2WbnGMjs\">\u0627\u0644\u062f\u0631\u0633 \u0627\u0644\u062e\u0627\u0645\u0633<\/a><\/h1>\n<\/li>\n<\/ul>\n<h3>TUTORIAL IN VIETNAMESE:<\/h3>\n<ul>\n<li class=\"title style-scope ytd-video-primary-info-renderer\"><a href=\"https:\/\/www.youtube.com\/watch?v=YvYd4udhfCQ\">\u0110i\u1ec1u khi\u1ec3n<\/a> thi\u1ebft b\u1ecb qua Websever s\u1eed d\u1ee5ng ESP8266 NodeMCU<\/li>\n<\/ul>\n","protected":false},"excerpt":{"rendered":"<p>To start programming with the ESP8266, there is several videos in different languages. TUNIOT is very well documented in english&hellip;<\/p>\n","protected":false},"author":1,"featured_media":0,"parent":950,"menu_order":0,"comment_status":"closed","ping_status":"closed","template":"","meta":[],"_links":{"self":[{"href":"http:\/\/easycoding.tn\/index.php\/wp-json\/wp\/v2\/pages\/1380"}],"collection":[{"href":"http:\/\/easycoding.tn\/index.php\/wp-json\/wp\/v2\/pages"}],"about":[{"href":"http:\/\/easycoding.tn\/index.php\/wp-json\/wp\/v2\/types\/page"}],"author":[{"embeddable":true,"href":"http:\/\/easycoding.tn\/index.php\/wp-json\/wp\/v2\/users\/1"}],"replies":[{"embeddable":true,"href":"http:\/\/easycoding.tn\/index.php\/wp-json\/wp\/v2\/comments?post=1380"}],"version-history":[{"count":11,"href":"http:\/\/easycoding.tn\/index.php\/wp-json\/wp\/v2\/pages\/1380\/revisions"}],"predecessor-version":[{"id":1615,"href":"http:\/\/easycoding.tn\/index.php\/wp-json\/wp\/v2\/pages\/1380\/revisions\/1615"}],"up":[{"embeddable":true,"href":"http:\/\/easycoding.tn\/index.php\/wp-json\/wp\/v2\/pages\/950"}],"wp:attachment":[{"href":"http:\/\/easycoding.tn\/index.php\/wp-json\/wp\/v2\/media?parent=1380"}],"curies":[{"name":"wp","href":"https:\/\/api.w.org\/{rel}","templated":true}]}}